{"id":531,"date":"2023-11-20T15:29:42","date_gmt":"2023-11-20T15:29:42","guid":{"rendered":"https:\/\/akupunktur-und-kraeuter.ch\/index.php\/datenschutzerklaerung\/"},"modified":"2025-01-16T10:22:37","modified_gmt":"2025-01-16T10:22:37","slug":"datenschutzerklaerung","status":"publish","type":"page","link":"https:\/\/akupunktur-und-kraeuter.ch\/index.php\/datenschutzerklaerung\/","title":{"rendered":"Datenschutzerkl\u00e4rung"},"content":{"rendered":"<div class=\"\" style=\"\" >\n  \n    \n    <section class=\"u-clearfix u-valign-middle-lg u-valign-middle-xl u-section-2\" id=\"sec-ca2a\">\n      <img decoding=\"async\" class=\"u-absolute-hcenter-md u-absolute-hcenter-sm u-absolute-hcenter-xs u-expanded u-image u-image-default\" src=\"https:\/\/akupunktur-und-kraeuter.ch\/wp-content\/uploads\/2023\/11\/Kraeuter_02-4.jpg\" alt=\"\" data-image-width=\"2000\" data-image-height=\"2667\">\n    <\/section>\n    <section class=\"u-align-center u-clearfix u-container-align-center u-section-3\" src=\"\" id=\"sec-c772\">\n      <div class=\"u-clearfix u-sheet u-sheet-1\">\n        <h2 class=\"u-align-center-xs u-subtitle u-text u-text-default u-text-1\">Datenschutzerkl\u00e4rung<\/h2>\n      <\/div>\n    <\/section>\n    <section class=\"u-align-left u-clearfix u-container-align-left u-section-4\" id=\"sec-344d\">\n      <div class=\"u-clearfix u-sheet u-sheet-1\">\n        <div class=\"fr-view u-clearfix u-rich-text u-text u-text-1\">\n          <h6 style=\"text-align: left;\">Verantwortliche Person<\/h6>\n          <p style=\"text-align: left;\">Die verantwortliche Person, welche Ihre Personendaten bearbeitet, ist Susanne Deckelmann, Praxis f\u00fcr Akupunktur und Kr\u00e4uter, Leemattenstrasse 1, 5442 Fislisbach, www.akupunktur-und-kraeuter.ch, <a class=\"u-active-none u-border-none u-btn u-button-style u-hover-none u-none u-text-custom-color-1 u-btn-1\" href=\"mailto:mail@akupunktur-und-kraeuter.ch?subject=Anfrage%20Datenschutz\">\n              <span class=\"u-text-black\">mail@akupunktur-und-kraeuter.ch<\/span>\n            <\/a>\n          <\/p>\n          <p style=\"text-align: left;\">\n            <br>\n          <\/p>\n          <h6 style=\"text-align: left; line-height: 1.2;\">Bearbeitungszweck<\/h6>\n          <p style=\"text-align: left; line-height: 1.6;\">Die Erhebung und Bearbeitung Ihrer Personendaten dient in erster Linie der Kommunikation mit Ihnen. Dies beinhaltet auch Marketingzwecke und Beziehungspflege. Hierzu verwenden ich insbesondere Kommunikationsdaten und Stammdaten. Ebenfalls k\u00f6nnen ich Personendaten zur Erf\u00fcllung und Abwicklung des Behandlungsvertrages erheben und bearbeiten. Basierend auf Ihrer Nutzung meiner Website bearbeiten ich Ihre Daten zu den Zwecken, die ich im Folgenden erl\u00e4utere.<\/p>\n          <p id=\"isPasted\">\n            <span class=\"u-text-custom-color-4\">Bereitstellung der Website und Erstellung von Logfiles<\/span>\n          <\/p>\n          <p>Beim Besuch unserer Website erfassen ich automatisch allgemeine technische Besuchsinformationen in sogenannten Log-Dateien. Dazu geh\u00f6rt z.B. die IP-Adresse des verwendeten Ger\u00e4ts, von welchem aus der Besuch erfolgt. Die Erhebung und Verarbeitung dieser Log-Dateien erfolgt zum Zweck, die Nutzung meiner Website zu erm\u00f6glichen (Verbindungsaufbau), die Sicherheit und Stabilit\u00e4t unserer Systeme dauerhaft zu gew\u00e4hrleisten und zu erh\u00f6hen, die Optimierung meines Internetangebots zu erm\u00f6glichen sowie zu internen statistischen Zwecke.<\/p>\n          <p id=\"isPasted\">\n            <span class=\"u-text-custom-color-4\">Telefon und E-Mail-Kontakt<\/span>\n          <\/p>\n          <p>Sie k\u00f6nnen sich mittels Telefon oder E-Mail an mich wenden. Die dabei erfassten Daten bearbeiten wir, um Ihre Anfrage zu pr\u00fcfen und mit Ihnen in Kontakt zu treten und z.B. einen Termin zu vereinbaren.<\/p>\n          <p id=\"isPasted\">\n            <span class=\"u-text-custom-color-4\">Terminbuchung<\/span>\n          <\/p>\n          <p>Sie k\u00f6nnen online einen Termin bei mir buchen. Die dabei erfassten Daten bearbeiten ich, um den Termin zu erfassen, vorzubereiten und ein Patientenprofil anzulegen.<\/p>\n          <p>\n            <br>\n          <\/p>\n          <h6>\n            <span class=\"u-text-custom-color-4\">Weitergabe<\/span>\n          <\/h6>\n          <p>Ich behandele Ihre Personendaten vertraulich und gebe diese nur an jene Dritte bekannt, welche in dieser Datenschutzerkl\u00e4rung aufgef\u00fchrt sind.&nbsp;<\/p>\n          <p>F\u00fcr verschiedene administrative T\u00e4tigkeiten verwendet unsere Praxis externe Dienstleister. Diese externen Dienstleister k\u00f6nnen aufgrund ihrer T\u00e4tigkeit Einsicht in Ihre Personendaten erhalten, wobei sie vertraglich dazu verpflichtet sind, Ihre Personendaten stets vertraulich zu behandeln. In diesem Zusammenhang k\u00f6nnen Ihre Personendaten insbesondere an folgende Empf\u00e4nger bekanntgegeben werden:&nbsp;<\/p>\n          <ul>\n            <li>Treuh\u00e4nder im Zusammenhang mit der F\u00fchrung der Buchhaltung und Erstellung und Versand der Rechnungen,&nbsp;<\/li>\n            <li>Steuerberater, sofern dies f\u00fcr die Erstellung der Steuererkl\u00e4rung notwendig sein sollte,&nbsp;<\/li>\n            <li>IT-Dienstleistungsunternehmen, welche die von uns verwendeten Softwareprogramme und Dienstleistungen bereitstellen sowie die Verwaltung der Website vornehmen,<\/li>\n            <li>Inkassounternehmen, falls wir unsere Leistung auf dem Betreibungsweg geltend machen m\u00fcssen,&nbsp;<\/li>\n            <li>Anwaltskanzleien, falls eine Streitigkeit aus dem Behandlungsvertrag resultiert,<\/li>\n            <li>Apotheken bzw. Drogerien, die f\u00fcr mich Kr\u00e4uter in Form von Tee oder Tinktur auf meine Empfehlung hin f\u00fcr Sie zusammenstellen und an Sie abgeben. &nbsp;<\/li>\n          <\/ul>\n          <p>Dar\u00fcber hinaus gebe ich Ihre Personendaten an Krankenkassen und Versicherungen bekannt, insbesondere im Zusammenhang mit der Abrechnung der von uns erbrachten Leistungen. Auch kann ich Ihre Personendaten an \u00c4mter und Beh\u00f6rden, wie z.B. die kantonalen oder eidgen\u00f6ssischen Gesundheitsbeh\u00f6rden, bekannt geben, sofern dies im Zusammenhang mit der F\u00fchrung meiner Praxis und den erteilten Bewilligungen notwendig werden sollte.&nbsp;<\/p>\n          <p>Auch k\u00f6nnen ich Ihre Personendaten anderen Medizinal- und Gesundheitsfachpersonen (wie z.B. \u00c4rzte, Naturheilpraktiker, etc.) bekanntgeben, sofern dies im Zusammenhang mit der medizinischen Behandlung notwendig erscheint, z.B. um Zweitmeinungen oder erg\u00e4nzende Informationen einzuholen oder die Stellvertretung sicherzustellen. Sofern dies im Zusammenhang mit der medizinischen Behandlung notwendig erscheint, kann ich auch andere Medizinal- und Gesundheitsfachpersonen (z.B. Ihren Hausarzt) um Auskunft \u00fcber Ihre Krankengeschichte anfragen und gebe in diesem Zusammenhang bekannt, dass Sie bei mir in Behandlung sind.<\/p>\n          <p>Ihre Personendaten (wie z.B. Befunde, Therapievorschl\u00e4ge, etc.) d\u00fcrfen auch mit Ihren Angeh\u00f6rigen geteilt werden.<\/p>\n          <p>\n            <br>\n          <\/p>\n          <h6>Bekanntgabe ins Ausland<\/h6>\n          <p>&nbsp;geben Ihre Personendaten in folgende L\u00e4nder bekannt: [Auff\u00fchren der L\u00e4nder]. Sofern es sich dabei um ein Land handelt, das keinen angemessenen Datenschutz bietet, haben wir folgende Garantien gem\u00e4ss Art. 16 Abs. 2 des Datenschutzgesetzes implementiert: [Beschreibung der Garantien, z.B. Best\u00e4tigung des Anbieters oder Auftrags-bearbeitungsvertrag].<\/p>\n          <p>\n            <br>\n          <\/p>\n          <h6>\n            <span class=\"u-text-custom-color-4\">Kommunikation<\/span>\n          <\/h6>\n          <p>Bei der Kommunikation mittels unverschl\u00fcsselter E-Mail besteht das Risiko, dass Daten verloren gehen, abgefangen oder manipuliert werden. Die Vertraulichkeit von Daten kann bei der \u00dcbertragung mittels unverschl\u00fcsselter E-Mail nicht gew\u00e4hrleistet werden. Dasselbe gilt f\u00fcr Messenger-Dienste. Ich kann die Vertraulichkeit der Kommunikation mittels unverschl\u00fcsselter E-Mail sowie Messenger-Diensten nicht garantieren. Sofern Sie mich mittels E-Mail, Messenger oder \u00e4hnlichen Diensten kontaktieren, verstehen ich dies als Einverst\u00e4ndnis zur Nutzung dieser Kommunikationskan\u00e4le. Auch behalten ich mir vor, Sie durch diese Kommunikationskan\u00e4le zu kontaktieren.<\/p>\n          <p>\n            <br>\n          <\/p>\n          <h6>\n            <span class=\"u-text-custom-color-4\">Verwendung von Cookies<\/span>\n          <\/h6>\n          <p>Cookies sind kleine Informationseinheiten, mit deren Hilfe Ihr Browser eindeutig identifiziert werden kann und in denen weitere Informationen wie Benutzereinstellungen abgelegt werden k\u00f6nnen. Wenn Sie meine Website besuchen, werden Cookies automatisch auf Ihrem Endger\u00e4t gespeichert. Cookies helfen, Ihren Besuch auf der Website einfacher, angenehmer und sinnvoller zu gestalten. Ich verwenden folgende Cookies:<\/p>\n          <ul>\n            <li>Technisch notwendige Cookies: Diese Cookies sind f\u00fcr das Funktionieren unserer Website zwingend erforderlich und k\u00f6nnen in meinen Systemen nicht deaktiviert werden.<\/li>\n            <li>Funktions-Cookies: Diese Cookies erm\u00f6glichen die Bereitstellung verbesserter Funktionen und die Personalisierung. Sie k\u00f6nnen von mir oder von Dritten, deren Dienste ich auf meiner Website nutze, &nbsp;gesetzt werden.<\/li>\n            <li>Analyse-Cookies: Diese Cookies erm\u00f6glichen es mir, Besuche zu z\u00e4hlen und Zugriffsquellen zu identifizieren, um die Leistung meiner Website zu bestimmen und zu verbessern.<\/li>\n            <li>Marketing-Cookies: Diese Cookies und andere Tracking- Technologien erm\u00f6glichen es, ihnen personalisierte Werbung anzeigen zu lassen.<\/li>\n          <\/ul>\n          <p>Sie k\u00f6nnen Ihren Browser so einstellen, dass Cookies blockiert werden. Dies kann jedoch zur Folge haben, dass einige Bereiche der Website nicht funktionieren.&nbsp;<\/p>\n          <p>\n            <br>\n          <\/p>\n          <h6>\n            <span class=\"u-text-custom-color-4\">Google Kalender<\/span>\n          <\/h6>\n          <p>Sie k\u00f6nnen auf der Webseite einen Termin buchen. Zu diesem Zweck betten wir einen Google-Kalender ein. Betreiber des entsprechenden Plugins ist Google LLC (1600 Amphitheatre Parkway, Mountain View, CA 94043, USA; nachfolgend \u201eGoogle\u201c). Wenn Sie Seite f\u00fcr die Terminbuchung besuchen, wird eine Verbindung zu Servern von Google hergestellt. Dabei wird Google mitgeteilt, welche Seiten Sie besuchen.&nbsp;<\/p>\n          <p>Alternativ k\u00f6nnen Sie Ihren Termin telefonisch buchen.<\/p>\n          <p>Die Datenschutzrichtlinie des Kalenderbetreibers Google finden Sie hier:<br>\n            <a class=\"u-active-none u-border-none u-btn u-button-style u-hover-none u-none u-text-custom-color-1 u-btn-2\" href=\"https:\/\/policies.google.com\/privacy\" target=\"_blank\">https:\/\/policies.google.com\/privacy<\/a>\n          <\/p>\n          <p>Google verarbeitet Ihre Daten in den USA und hat sich dem EU-US Privacy Shield unterworfen <br>\n            <a class=\"u-active-none u-border-none u-btn u-button-style u-hover-none u-none u-text-custom-color-1 u-btn-3\" href=\"https:\/\/policies.google.com\/privacy\" rel=\"noopener noreferrer\" target=\"_blank\">https:\/\/www.privacyshield.gov\/EU-US-Framework<\/a>\n          <\/p>\n          <p>\n            <br>\n          <\/p>\n          <h6>\n            <span class=\"u-text-custom-color-4\">Kontakt<\/span>\n          <\/h6>\n          <p>Bei Fragen zur Bearbeitung Ihrer Personendaten oder zur Aus\u00fcbung Ihrer datenschutzrechtlichen Rechte k\u00f6nnen Sie mich telefonisch oder per Mail kontaktieren.&nbsp;<\/p>\n          <p>\n            <br>\n          <\/p>\n          <h6>\n            <span class=\"u-text-custom-color-4\">Aktualit\u00e4t und \u00c4nderungen<\/span>\n          <\/h6>\n          <p>Ich behalte mir das Recht vor, diese Datenschutzerkl\u00e4rung jederzeit ohne Vorank\u00fcndigung zu aktualisieren und anzupassen. Es gilt die jeweils aktuelle, auf meiner Website publizierte Version.<\/p>\n          <p>Mit der Nutzung meiner Website erkl\u00e4ren Sie sich mit diesen Bedingungen und der entsprechenden Bearbeitung ihrer Personendaten einverstanden.<\/p>\n          <p>Datenschutzerkl\u00e4rung-Version vom 26.08.2023.&nbsp;<\/p>\n        <\/div>\n      <\/div>\n    <\/section>\n    \n    \n    \n    \n    \n  \n<\/div>","protected":false},"excerpt":{"rendered":"<p>Datenschutzerkl\u00e4rung Verantwortliche Person Die verantwortliche Person, welche Ihre Personendaten bearbeitet, ist Susanne Deckelmann, Praxis f\u00fcr Akupunktur und Kr\u00e4uter, Leemattenstrasse 1, 5442 Fislisbach, www.akupunktur-und-kraeuter.ch, mail@akupunktur-und-kraeuter.ch Bearbeitungszweck Die Erhebung und Bearbeitung Ihrer Personendaten dient in erster Linie der Kommunikation mit Ihnen. Dies beinhaltet auch Marketingzwecke und Beziehungspflege. Hierzu verwenden ich insbesondere Kommunikationsdaten und Stammdaten. Ebenfalls k\u00f6nnen ich [&hellip;]<\/p>\n","protected":false},"author":1,"featured_media":0,"parent":0,"menu_order":2,"comment_status":"closed","ping_status":"closed","template":"","meta":{"footnotes":""},"class_list":["post-531","page","type-page","status-publish","hentry"],"yoast_head":"<!-- This site is optimized with the Yoast SEO plugin v27.6 - https:\/\/yoast.com\/product\/yoast-seo-wordpress\/ -->\n<title>Datenschutzerkl\u00e4rung - Akupunktur und Kr\u00e4uter<\/title>\n<meta name=\"robots\" content=\"index, follow, max-snippet:-1, max-image-preview:large, max-video-preview:-1\" \/>\n<link rel=\"canonical\" href=\"https:\/\/akupunktur-und-kraeuter.ch\/index.php\/datenschutzerklaerung\/\" \/>\n<meta property=\"og:locale\" content=\"de_DE\" \/>\n<meta property=\"og:type\" content=\"article\" \/>\n<meta property=\"og:title\" content=\"Datenschutzerkl\u00e4rung - Akupunktur und Kr\u00e4uter\" \/>\n<meta property=\"og:description\" content=\"Datenschutzerkl\u00e4rung Verantwortliche Person Die verantwortliche Person, welche Ihre Personendaten bearbeitet, ist Susanne Deckelmann, Praxis f\u00fcr Akupunktur und Kr\u00e4uter, Leemattenstrasse 1, 5442 Fislisbach, www.akupunktur-und-kraeuter.ch, mail@akupunktur-und-kraeuter.ch Bearbeitungszweck Die Erhebung und Bearbeitung Ihrer Personendaten dient in erster Linie der Kommunikation mit Ihnen. Dies beinhaltet auch Marketingzwecke und Beziehungspflege. Hierzu verwenden ich insbesondere Kommunikationsdaten und Stammdaten. Ebenfalls k\u00f6nnen ich [&hellip;]\" \/>\n<meta property=\"og:url\" content=\"https:\/\/akupunktur-und-kraeuter.ch\/index.php\/datenschutzerklaerung\/\" \/>\n<meta property=\"og:site_name\" content=\"Akupunktur und Kr\u00e4uter\" \/>\n<meta property=\"article:modified_time\" content=\"2025-01-16T10:22:37+00:00\" \/>\n<meta name=\"twitter:card\" content=\"summary_large_image\" \/>\n<meta name=\"twitter:label1\" content=\"Gesch\u00e4tzte Lesezeit\" \/>\n\t<meta name=\"twitter:data1\" content=\"5\u00a0Minuten\" \/>\n<script type=\"application\/ld+json\" class=\"yoast-schema-graph\">{\"@context\":\"https:\\\/\\\/schema.org\",\"@graph\":[{\"@type\":\"WebPage\",\"@id\":\"https:\\\/\\\/akupunktur-und-kraeuter.ch\\\/index.php\\\/datenschutzerklaerung\\\/\",\"url\":\"https:\\\/\\\/akupunktur-und-kraeuter.ch\\\/index.php\\\/datenschutzerklaerung\\\/\",\"name\":\"Datenschutzerkl\u00e4rung - Akupunktur und Kr\u00e4uter\",\"isPartOf\":{\"@id\":\"https:\\\/\\\/akupunktur-und-kraeuter.ch\\\/#website\"},\"datePublished\":\"2023-11-20T15:29:42+00:00\",\"dateModified\":\"2025-01-16T10:22:37+00:00\",\"breadcrumb\":{\"@id\":\"https:\\\/\\\/akupunktur-und-kraeuter.ch\\\/index.php\\\/datenschutzerklaerung\\\/#breadcrumb\"},\"inLanguage\":\"de-CH\",\"potentialAction\":[{\"@type\":\"ReadAction\",\"target\":[\"https:\\\/\\\/akupunktur-und-kraeuter.ch\\\/index.php\\\/datenschutzerklaerung\\\/\"]}]},{\"@type\":\"BreadcrumbList\",\"@id\":\"https:\\\/\\\/akupunktur-und-kraeuter.ch\\\/index.php\\\/datenschutzerklaerung\\\/#breadcrumb\",\"itemListElement\":[{\"@type\":\"ListItem\",\"position\":1,\"name\":\"Startseite\",\"item\":\"https:\\\/\\\/akupunktur-und-kraeuter.ch\\\/\"},{\"@type\":\"ListItem\",\"position\":2,\"name\":\"Datenschutzerkl\u00e4rung\"}]},{\"@type\":\"WebSite\",\"@id\":\"https:\\\/\\\/akupunktur-und-kraeuter.ch\\\/#website\",\"url\":\"https:\\\/\\\/akupunktur-und-kraeuter.ch\\\/\",\"name\":\"Akupunktur und Kr\u00e4uter\",\"description\":\"\",\"potentialAction\":[{\"@type\":\"SearchAction\",\"target\":{\"@type\":\"EntryPoint\",\"urlTemplate\":\"https:\\\/\\\/akupunktur-und-kraeuter.ch\\\/?s={search_term_string}\"},\"query-input\":{\"@type\":\"PropertyValueSpecification\",\"valueRequired\":true,\"valueName\":\"search_term_string\"}}],\"inLanguage\":\"de-CH\"}]}<\/script>\n<!-- \/ Yoast SEO plugin. -->","yoast_head_json":{"title":"Datenschutzerkl\u00e4rung - Akupunktur und Kr\u00e4uter","robots":{"index":"index","follow":"follow","max-snippet":"max-snippet:-1","max-image-preview":"max-image-preview:large","max-video-preview":"max-video-preview:-1"},"canonical":"https:\/\/akupunktur-und-kraeuter.ch\/index.php\/datenschutzerklaerung\/","og_locale":"de_DE","og_type":"article","og_title":"Datenschutzerkl\u00e4rung - Akupunktur und Kr\u00e4uter","og_description":"Datenschutzerkl\u00e4rung Verantwortliche Person Die verantwortliche Person, welche Ihre Personendaten bearbeitet, ist Susanne Deckelmann, Praxis f\u00fcr Akupunktur und Kr\u00e4uter, Leemattenstrasse 1, 5442 Fislisbach, www.akupunktur-und-kraeuter.ch, mail@akupunktur-und-kraeuter.ch Bearbeitungszweck Die Erhebung und Bearbeitung Ihrer Personendaten dient in erster Linie der Kommunikation mit Ihnen. Dies beinhaltet auch Marketingzwecke und Beziehungspflege. Hierzu verwenden ich insbesondere Kommunikationsdaten und Stammdaten. Ebenfalls k\u00f6nnen ich [&hellip;]","og_url":"https:\/\/akupunktur-und-kraeuter.ch\/index.php\/datenschutzerklaerung\/","og_site_name":"Akupunktur und Kr\u00e4uter","article_modified_time":"2025-01-16T10:22:37+00:00","twitter_card":"summary_large_image","twitter_misc":{"Gesch\u00e4tzte Lesezeit":"5\u00a0Minuten"},"schema":{"@context":"https:\/\/schema.org","@graph":[{"@type":"WebPage","@id":"https:\/\/akupunktur-und-kraeuter.ch\/index.php\/datenschutzerklaerung\/","url":"https:\/\/akupunktur-und-kraeuter.ch\/index.php\/datenschutzerklaerung\/","name":"Datenschutzerkl\u00e4rung - Akupunktur und Kr\u00e4uter","isPartOf":{"@id":"https:\/\/akupunktur-und-kraeuter.ch\/#website"},"datePublished":"2023-11-20T15:29:42+00:00","dateModified":"2025-01-16T10:22:37+00:00","breadcrumb":{"@id":"https:\/\/akupunktur-und-kraeuter.ch\/index.php\/datenschutzerklaerung\/#breadcrumb"},"inLanguage":"de-CH","potentialAction":[{"@type":"ReadAction","target":["https:\/\/akupunktur-und-kraeuter.ch\/index.php\/datenschutzerklaerung\/"]}]},{"@type":"BreadcrumbList","@id":"https:\/\/akupunktur-und-kraeuter.ch\/index.php\/datenschutzerklaerung\/#breadcrumb","itemListElement":[{"@type":"ListItem","position":1,"name":"Startseite","item":"https:\/\/akupunktur-und-kraeuter.ch\/"},{"@type":"ListItem","position":2,"name":"Datenschutzerkl\u00e4rung"}]},{"@type":"WebSite","@id":"https:\/\/akupunktur-und-kraeuter.ch\/#website","url":"https:\/\/akupunktur-und-kraeuter.ch\/","name":"Akupunktur und Kr\u00e4uter","description":"","potentialAction":[{"@type":"SearchAction","target":{"@type":"EntryPoint","urlTemplate":"https:\/\/akupunktur-und-kraeuter.ch\/?s={search_term_string}"},"query-input":{"@type":"PropertyValueSpecification","valueRequired":true,"valueName":"search_term_string"}}],"inLanguage":"de-CH"}]}},"_links":{"self":[{"href":"https:\/\/akupunktur-und-kraeuter.ch\/index.php\/wp-json\/wp\/v2\/pages\/531","targetHints":{"allow":["GET"]}}],"collection":[{"href":"https:\/\/akupunktur-und-kraeuter.ch\/index.php\/wp-json\/wp\/v2\/pages"}],"about":[{"href":"https:\/\/akupunktur-und-kraeuter.ch\/index.php\/wp-json\/wp\/v2\/types\/page"}],"author":[{"embeddable":true,"href":"https:\/\/akupunktur-und-kraeuter.ch\/index.php\/wp-json\/wp\/v2\/users\/1"}],"replies":[{"embeddable":true,"href":"https:\/\/akupunktur-und-kraeuter.ch\/index.php\/wp-json\/wp\/v2\/comments?post=531"}],"version-history":[{"count":1,"href":"https:\/\/akupunktur-und-kraeuter.ch\/index.php\/wp-json\/wp\/v2\/pages\/531\/revisions"}],"predecessor-version":[{"id":533,"href":"https:\/\/akupunktur-und-kraeuter.ch\/index.php\/wp-json\/wp\/v2\/pages\/531\/revisions\/533"}],"wp:attachment":[{"href":"https:\/\/akupunktur-und-kraeuter.ch\/index.php\/wp-json\/wp\/v2\/media?parent=531"}],"curies":[{"name":"wp","href":"https:\/\/api.w.org\/{rel}","templated":true}]}}